{"id":1332,"date":"2020-03-20T10:13:30","date_gmt":"2020-03-20T09:13:30","guid":{"rendered":"http:\/\/www.dev.oak2000.com\/politicas-de-cookie\/"},"modified":"2020-04-16T18:31:32","modified_gmt":"2020-04-16T16:31:32","slug":"politicas-de-cookie","status":"publish","type":"page","link":"https:\/\/oak2000.com\/ca\/politicas-de-cookie\/","title":{"rendered":"POL\u00cdTICAS DE COOKIE"},"content":{"rendered":"\r\n<div class=\"et_pb_module et_pb_post_title et_pb_post_title_0 et_pb_bg_layout_light  et_pb_text_align_left\">\r\n<div class=\"et_pb_title_container\">\r\n<h1 class=\"entry-title wp-block-heading\">Pol\u00edtica de cookies<\/h1>\r\n<\/div>\r\n<\/div>\r\n<div class=\"et_pb_module et_pb_text et_pb_text_0 et_pb_bg_layout_light  et_pb_text_align_left\">\r\n<div class=\"et_pb_text_inner\">\r\n<p>A la web www.oak2000.com (d\u2019ara endavant, el Lloc web) utilitzem cookies per a facilitar la relaci\u00f3 dels visitants amb el nostre contingut i per a permetre elaborar estad\u00edstiques sobre les visitants que rebem.<br \/>L\u2019informem que podem utilitzar cookies amb la finalitat de facilitar la seva navegaci\u00f3 a trav\u00e9s del Lloc web, distingir-li d\u2019altres usuaris, proporcionar-li una millor experi\u00e8ncia en l\u2019\u00fas d\u2019aquest, i identificar problemes per a millorar el nostre Lloc web. Aix\u00ed mateix, en cas que presti el seu consentiment, utilitzarem cookies que ens permetin obtenir m\u00e9s informaci\u00f3 sobre les seves prefer\u00e8ncies i personalitzar el nostre Lloc web de conformitat amb els seus interessos individuals.<\/p>\r\n<p><strong>\u00bfQu\u00e8 son les cookies?<\/strong><\/p>\r\n<p>Es denominen cookies a uns petits arxius que es graven en el navegador utilitzat per cada visitant de la nostra web perqu\u00e8 el servidor pugui recordar la visita d\u2019aquest usuari amb posterioritat quan torni a accedir als nostres continguts. Aquesta informaci\u00f3 no revela la seva identitat, ni cap dada personal, ni accedeix al contingut emmagatzemat en el seu\u00a0pc, per\u00f2 si que permet al nostre sistema identificar-li a vost\u00e8 com un usuari determinat que ja va visitar la web amb anterioritat, va visualitzar determinades p\u00e0gines, etc. i a m\u00e9s permet guardar les seves prefer\u00e8ncies personals i informaci\u00f3 t\u00e8cnica com per exemple les visites realitzades o p\u00e0gines concretes que visiti.<\/p>\r\n<p>En compliment de la Directiva 2009\/136\/CE, desenvolupada en el nostre ordenament per l\u2019apartat segon de l\u2019article 22 de la Llei de Serveis de Societat de la Informaci\u00f3, seguint les directrius de l\u2019Ag\u00e8ncia Espanyola de Protecci\u00f3 de Dades, procedim a informar-lo detalladament de l\u2019\u00fas que es realitza en la nostra web.<br \/>La present pol\u00edtica de cookies t\u00e9 per finalitat informar-lo de manera clara i precisa sobre les cookies que s\u2019utilitzen en el nostre Lloc web (la \u201cPol\u00edtica de Cookies\u201d). Respecte de les cookies de tercers, \u00e9s a dir aquelles que s\u00f3n alienes al nostre lloc web, no podem fer-nos responsables del contingut i veracitat de les pol\u00edtiques de privacitat que ells inclouen pel que la informaci\u00f3 que li oferim \u00e9s sempre amb refer\u00e8ncia a la font.<\/p>\r\n<p>A continuaci\u00f3, es realitza una classificaci\u00f3 de les cookies en funci\u00f3 d\u2019una s\u00e8rie de categories. No obstant aix\u00f2 \u00e9s necessari tenir en compte que una mateixa cookie pot estar inclosa en m\u00e9s d\u2019una categoria.<br \/>L\u2019objectiu de la\u00a0<em>cookie<\/em>\u00a0\u00e9s adaptar el contingut de la web al seu perfil i necesitats, sense\u00a0<em>cookies<\/em>\u00a0els serveis oferts per qualsevol p\u00e0gina es veurien minvats notablement.<\/p>\r\n<p><strong>Tipus de cookies segons l\u2019entitat que les gestiona<\/strong><br \/>Seguint les directrius de l\u2019Ag\u00e8ncia Espanyola de Protecci\u00f3 de Dades procedim a detallar l\u2019\u00fas de cookies que fa aquesta web amb la finalitat d\u2019informar-lo amb la m\u00e0xima exactitud possible.<\/p>\r\n<p>Aquest lloc web utilitza les seg\u00fcents cookies pr\u00f2pies:<br \/>S\u00f3n aquelles que s\u2019envien a l\u2019equip terminal de l\u2019usuari des d\u2019un equip o domini que no \u00e9s gestionat per l\u2019editor, sin\u00f3 per una altra entitat que tracta les dades.<\/p>\r\n<p>Aquest lloc web fa servir les seg\u00fcents\u00a0<strong>cookies de tercers<\/strong>:<\/p>\r\n<ul>\r\n<li>Google Analytics: Emmagatzema\u00a0<em>cookies<\/em>\u00a0per poder elaborar estad\u00edstiques sobre el tr\u00e0fic i volum de visites d\u2019aquesta web. Al fer servir aquest lloc web est\u00e0 consentint el tractament d\u2019informaci\u00f3 sobre vost\u00e8 per Google. Per tant, l\u2019exercici de qualsevol dret en aquest sentit haur\u00e0 de fer-lo comunicant directament amb Google.<\/li>\r\n<li>Xarxes socials: Cada xarxa social utilitza les seves pr\u00f2pies\u00a0<em>cookies<\/em>\u00a0perqu\u00e8 vost\u00e8 pugui punxar en botons del tipus\u00a0<em>M\u2019agrada<\/em>\u00a0o\u00a0<em>Compartir<\/em>.<\/li>\r\n<\/ul>\r\n<p><strong>Tipus de cookies segons el pla\u00e7 de temps que romanen actives<\/strong><\/p>\r\n<ul>\r\n<li><strong>Cookies de sessi\u00f3:<\/strong>\u00a0S\u00f3n un tipus de cookies dissenyades per a recaptar i emmagatzemar dades mentre l\u2019usuari accedeix a una p\u00e0gina web.<\/li>\r\n<li><strong>Cookies persistents:<\/strong>\u00a0S\u00f3n un tipus de cookies en el qual les dades segueixen emmagatzemats en el terminal i poden ser accedits i tractats durant un per\u00edode definit pel responsable de la cookie, i que pot anar d\u2019uns minuts a diversos anys.<\/li>\r\n<\/ul>\r\n<p><strong>Tipus de cookies segons la seva finalitat<\/strong><\/p>\r\n<ul>\r\n<li>\r\n<ul>\r\n<li><strong>Cookies t\u00e8cniques:<\/strong>\u00a0Aquelles que permeten a l\u2019usuari la navegaci\u00f3 a trav\u00e9s d\u2019una p\u00e0gina web, plataforma o aplicaci\u00f3 i la utilitzaci\u00f3 de les diferents opcions o serveis que en ella existeixin com, per exemple, controlar el tr\u00e0nsit i la comunicaci\u00f3 de dades, identificar la sessi\u00f3, accedir a parts d\u2019acc\u00e9s restringit, recordar els elements que integren una comanda, realitzar el proc\u00e9s de compra d\u2019una comanda, realitzar la sol\u00b7licitud d\u2019inscripci\u00f3 o participaci\u00f3 en un esdeveniment, utilitzar elements de seguretat durant la navegaci\u00f3, emmagatzemar continguts per a la difusi\u00f3 de v\u00eddeos o so o compartir continguts a trav\u00e9s de xarxes socials.<\/li>\r\n<li><strong>Cookies de personalitzaci\u00f3:\u00a0<\/strong>S\u00f3n aquelles que permeten a l\u2019usuari accedir al servei amb algunes caracter\u00edstiques de car\u00e0cter general predefinides en funci\u00f3 d\u2019una s\u00e8rie de criteris en el terminal de l\u2019usuari com per exemple serien l\u2019idioma, el tipus de navegador a trav\u00e9s del qual accedeix al servei, la configuraci\u00f3 regional des d\u2019on accedeix al servei, etc.<\/li>\r\n<li><strong>Cookies d\u2019an\u00e0lisi:<\/strong>\u00a0S\u00f3n aquelles que permeten al responsable d\u2019aquestes, el seguiment i an\u00e0lisi del comportament dels usuaris dels llocs web als quals estan vinculades. La informaci\u00f3 recollida mitjan\u00e7ant aquest tipus de cookies s\u2019utilitza en el mesurament de l\u2019activitat dels llocs web, aplicaci\u00f3 o plataforma i per a l\u2019elaboraci\u00f3 de perfils de navegaci\u00f3 dels usuaris d\u2019aquests llocs, aplicacions i plataformes, amb la finalitat d\u2019introduir millores en funci\u00f3 de l\u2019an\u00e0lisi de les dades d\u2019\u00fas que fan els usuaris del servei.<\/li>\r\n<\/ul>\r\n<\/li>\r\n<\/ul>\r\n<p>Respecte al tractament de dades recaptades a trav\u00e9s de les cookies d\u2019an\u00e0lisis, a pesar que no estan exemptes de l\u2019haver d\u2019obtenir un consentiment informat per al seu \u00fas, \u00e9s poc probable que representin un risc per a la privacitat dels usuaris sempre que es tracti de cookies de primera part, que tractin dades agregades amb una finalitat estrictament estad\u00edstica, que es faciliti informaci\u00f3 sobre els seus \u00fas i s\u2019inclogui la possibilitat que els usuaris manifestin la seva negativa sobre la seva utilitzaci\u00f3.<\/p>\r\n<ul>\r\n<li><strong>Cookies publicit\u00e0ries:<\/strong>\u00a0S\u00f3n aquelles que permeten la gesti\u00f3, de la forma m\u00e9s efica\u00e7 possible, dels espais publicitaris que, si escau, l\u2019editor hagi incl\u00f2s en una p\u00e0gina web, aplicaci\u00f3 o plataforma des de la qual presta el servei sol\u00b7licitat sobre la base de criteris com el contingut editat o la freq\u00fc\u00e8ncia en la qual es mostren els anuncis.<\/li>\r\n<li><strong>Cookies de publicitat comportamental:<\/strong>\u00a0S\u00f3n aquelles que permeten la gesti\u00f3, de la forma m\u00e9s efica\u00e7 possible, dels espais publicitaris que, si escau, l\u2019editor hagi incl\u00f2s en una p\u00e0gina web, aplicaci\u00f3 o plataforma des de la qual presta el servei sol\u00b7licitat. Aquestes cookies emmagatzemen informaci\u00f3 del comportament dels usuaris obtinguda a trav\u00e9s de l\u2019observaci\u00f3 continuada dels seus h\u00e0bits de navegaci\u00f3, la qual cosa permet desenvolupar un perfil espec\u00edfic per a mostrar publicitat en funci\u00f3 d\u2019aquest.<\/li>\r\n<\/ul>\r\n<p>Actualment, la majoria dels navegadors v\u00e9nen configurats per defecte per a bloquejar la instal\u00b7laci\u00f3 de cookies de publicitat o tercers en el seu equip. L\u2019usuari pot ampliar les restriccions d\u2019origen, impedint l\u2019entrada de qualsevol tipus de cookie, o eliminar aquestes restriccions, acceptant l\u2019entrada de qualsevol tipus de cookies. Si est\u00e0 interessat a admetre cookies de publicitat o de tercers, podr\u00e0 configurar el seu navegador a tal fi.<\/p>\r\n<p>L\u2019acceptaci\u00f3 realitzada per l\u2019usuari, fent click en el bot\u00f3 d\u2019ACCEPTAR mostrat en la informaci\u00f3 inicial sobre cookies, implica que est\u00e0 consentint expressament al responsable per a la seva utilitzaci\u00f3, podent exercir els seus drets i revocar el seu consentiment en qualsevol moment, a trav\u00e9s de sol\u00b7licitud a OAK 2000 S.L..<\/p>\r\n<table border=\"1\" width=\"100%\" cellspacing=\"0\" cellpadding=\"0\">\r\n<tbody>\r\n<tr>\r\n<td>Cookie<\/td>\r\n<td>Origen<\/td>\r\n<td>Finalitat i m\u00e9s informaci\u00f3<\/td>\r\n<\/tr>\r\n<tr>\r\n<td>test_cookie<\/td>\r\n<td>doubleclick.net<\/td>\r\n<td>Determina si el navegador de l\u2019usuari soporta cookies.<\/td>\r\n<\/tr>\r\n<tr>\r\n<td>IDE<\/td>\r\n<td>Google Doubleclick<\/td>\r\n<td>Emmagatzema informaci\u00f3 sobre com l\u2019usuari navega pel web i per la publicitat. Es va servir per mostrar anuncis rellevants als interessos de l\u2019usuari.<\/td>\r\n<\/tr>\r\n<tr>\r\n<td>NID<\/td>\r\n<td>Publicidad<\/td>\r\n<td>S\u2019utilitza per a un perfil basat en l\u2019inter\u00e8s de l\u2019usuari i mostra anuncis personalitzats als usuaris.<\/td>\r\n<\/tr>\r\n<tr>\r\n<td>pll_language<\/td>\r\n<td>Polylang<\/td>\r\n<td>Emmagatzema el llenguatge del navegador per a mostrar la web en l\u2019idioma de l\u2019usuari.<\/td>\r\n<\/tr>\r\n<tr>\r\n<td>GPS<\/td>\r\n<td>Analytics<\/td>\r\n<td>Registra una \u00fanica ANEU per a\u00a0fer el seguiment dels usuaris basant-se en la seva ubicaci\u00f3.<\/td>\r\n<\/tr>\r\n<tr>\r\n<td>_ga<\/td>\r\n<td>Analytics<\/td>\r\n<td>Analitzar el comportament de les visites.<\/td>\r\n<\/tr>\r\n<tr>\r\n<td>_gid<\/td>\r\n<td>Analytics<\/td>\r\n<td>Analitzar el comportament de les visites.<\/td>\r\n<\/tr>\r\n<tr>\r\n<td>YSC<\/td>\r\n<td>Youtube<\/td>\r\n<td>Comptabilitza les visualitzacions dels v\u00eddeos incrustats en la web.<\/td>\r\n<\/tr>\r\n<tr>\r\n<td>VISITOR_INFO1_LIVE<\/td>\r\n<td>YouTube<\/td>\r\n<td>Rastreja la informaci\u00f3 dels v\u00eddeos incrustats en la web.<\/td>\r\n<\/tr>\r\n<tr>\r\n<td>viewed_cookie_policy<\/td>\r\n<td>GDPR Cookie Consent<\/td>\r\n<td>\r\n<div class=\"traductor-textarea form-group\">\r\n<div class=\"textarea-desti col-xs-12 col-sm-6\">\r\n<div class=\"form-control second-textarea\">Emmagatzema si l\u2019usuari ha consentit l\u2019\u00fas de les cookies. No emmagatzema cap informaci\u00f3 personal.<\/div>\r\n<\/div>\r\n<\/div>\r\n<\/td>\r\n<\/tr>\r\n<tr>\r\n<td>Tawk_xxxxxxxxxxxxx<\/td>\r\n<td>Tawk.to<\/td>\r\n<td>Informaci\u00f3 dels usuaris del xat online.<\/td>\r\n<\/tr>\r\n<tr>\r\n<td>__tawkuuid<\/td>\r\n<td>Tawk.to<\/td>\r\n<td>Informaci\u00f3 dels usuaris del xat online.<\/td>\r\n<\/tr>\r\n<tr>\r\n<td>TawkConnectionTime<\/td>\r\n<td>Tawk.to<\/td>\r\n<td>Informaci\u00f3 dels usuaris del xat online.<\/td>\r\n<\/tr>\r\n<tr>\r\n<td>__cfduid<\/td>\r\n<td>Tawk.to<\/td>\r\n<td>Informaci\u00f3 dels usuaris del xat online.<\/td>\r\n<\/tr>\r\n<\/tbody>\r\n<\/table>\r\n<p>&nbsp;<\/p>\r\n<p>\u00c9s possible que actualitzem la Pol\u00edtica de Cookies del nostre Lloc web, per aix\u00f2 li recomanem revisar aquesta pol\u00edtica cada vegada que accedeixi al nostre Lloc web amb l\u2019objectiu d\u2019estar adequadament informat sobre com i per a qu\u00e8 usem les cookies.<\/p>\r\n<p>La finalitat de les cookies \u00e9s la de facilitar a l\u2019Usuari un acc\u00e9s m\u00e9s r\u00e0pid als Serveis seleccionats.<\/p>\r\n<p>Si vost\u00e8 no desitja que es guardin cookies en el seu navegador o prefereix rebre una informaci\u00f3 cada vegada que una cookie sol\u00b7liciti instal\u00b7lar-se, pot configurar les seves opcions de navegaci\u00f3 perqu\u00e8 es faci d\u2019aquesta forma. La major part dels navegadors permeten la gesti\u00f3 de les cookies de 3 formes diferents:<br \/>\u2013 Les cookies s\u00f3n sempre rebutjades;;<br \/>\u2013 El navegador pregunta si l\u2019usuari desitja instal\u00b7lar cada cookie;<br \/>\u2013 Les cookies s\u00f3n sempre acceptades;<\/p>\r\n<p>El seu navegador tamb\u00e9 pot incloure la possibilitat de seleccionar amb detall les cookies que desitja que s\u2019instal\u00b7lin en el seu ordinador. En concret, l\u2019usuari pot normalment acceptar alguna de les seg\u00fcents opcions:<br \/>\u2013 Rebutjar les cookies de determinats dominis;<br \/>\u2013 Rebutjar les cookies de tercers;<br \/>\u2013 Acceptar cookies com no persistents (s\u2019eliminen quan el navegador es tanca);<br \/>\u2013 Permetre al servidor crear cookies per a un domini diferent.<br \/>Per a permetre, con\u00e8ixer, bloquejar o eliminar les cookies instal\u00b7lades en el seu equip pot fer-ho mitjan\u00e7ant la configuraci\u00f3 de les opcions del navegador instal\u00b7lat en el seu ordinador.<\/p>\r\n<p>Pot trobar informaci\u00f3 sobre com configurar els navegadors m\u00e9s usats en les seg\u00fcents ubicacions:<br \/>\u2013 Internet Explorer: Herramientas -&gt; Opciones de Internet -&gt; Privacidad -&gt; Configuraci\u00f3n. Para m\u00e1s informaci\u00f3n, puede consultar el soporte de Microsoft o la Ayuda del navegador.<br \/>\u2013 Firefox: Herramientas -&gt; Opciones -&gt; Privacidad -&gt; Historial -&gt; Configuraci\u00f3n Personalizada. Para m\u00e1s informaci\u00f3n, puede consultar el soporte de Mozilla o la Ayuda del navegador.<br \/>\u2013 Chrome: Configuraci\u00f3n -&gt; Mostrar opciones avanzadas -&gt; Privacidad -&gt; Configuraci\u00f3n de contenido. Para m\u00e1s informaci\u00f3n, puede consultar el soporte de Google o la Ayuda del navegador.<br \/>\u2013 Safari: Preferencias -&gt; Seguridad. Para m\u00e1s informaci\u00f3n, puede consultar el soporte de Apple o la Ayuda del navegador.<\/p>\r\n<h2>Desactivaci\u00f3 o eliminaci\u00f3 de cookies<\/h2>\r\n<p>En qualsevol moment podr\u00e0 exercir el seu dret de desactivaci\u00f3 o eliminaci\u00f3 de cookies d\u2019aquest lloc web. Aquestes accions es realitzen de forma diferent en funci\u00f3 del navegador que estigui usant.<\/p>\r\n<h2>\u00a0<\/h2>\r\n<h2>Notes addicionals<\/h2>\r\n<p>&nbsp;<\/p>\r\n<ul>\r\n<li>Ni aquesta web ni els seus representants legals es fan responsables ni del contingut ni de la veracitat de les pol\u00edtiques de privacitat que puguin tenir els tercers esmentats en aquesta pol\u00edtica de\u00a0<em>cookies<\/em>.<\/li>\r\n<li>Els navegadors web s\u00f3n les eines encarregades d\u2019emmagatzemar les\u00a0<em>cookies<\/em>\u00a0i des d\u2019aquest lloc ha d\u2019efectuar el seu dret a eliminaci\u00f3 o desactivaci\u00f3 d\u2019aquestes. Ni aquesta web ni els seus representants legals poden garantir la correcta o incorrecta manipulaci\u00f3 de les\u00a0<em>cookies<\/em>\u00a0per part dels esmentats navegadors.<\/li>\r\n<li>En alguns casos \u00e9s necessari instal\u00b7lar\u00a0<em>cookies<\/em>\u00a0perqu\u00e8 el navegador no oblidi la seva decisi\u00f3 de no acceptaci\u00f3 d\u2019aquestes.<\/li>\r\n<li>En el cas de les\u00a0<em>cookies<\/em>\u00a0de Google Analytics, aquesta empresa emmagatzema les\u00a0<em>cookies<\/em>\u00a0en servidors situats als Estats Units i es compromet a no compartir-la amb tercers, excepte en els casos en els quals sigui necessari per al funcionament del sistema o quan la llei obligui a aquest efecte. Segons Google no guarda la seva adre\u00e7a IP. Google Inc. \u00e9s una companyia adherida a l\u2019Acord de Port Segur que garanteix que totes les dades transferides seran tractats amb un nivell de protecci\u00f3 concorde a la normativa europea.<br \/>Pot consultar informaci\u00f3 detallada referent a aix\u00f2\u00a0<a href=\"http:\/\/safeharbor.export.gov\/companyinfo.aspx?id=16626\" target=\"_blank\" rel=\"noopener noreferrer\">en este enlace<\/a>. Si desitja informaci\u00f3 sobre l\u2019\u00fas que Google d\u00f3na a les cookies\u00a0<a href=\"https:\/\/developers.google.com\/analytics\/devguides\/collection\/analyticsjs\/cookie-usage?hl=es&amp;csw=1\" target=\"_blank\" rel=\"noopener noreferrer\">li adjuntem aquest altre enlla\u00e7<\/a>.<\/li>\r\n<li>Per a qualsevol dubte o consulta sobre aquesta pol\u00edtica de\u00a0<em>cookies<\/em>\u00a0no dubti a comunicar-es amb nosaltres a trav\u00e9s de la secci\u00f3 de\u00a0<a href=\"https:\/\/oak2000.com\/ca\/contacte\/\">contacte<\/a>.<\/li>\r\n<\/ul>\r\n<\/div>\r\n<\/div>\r\n","protected":false},"excerpt":{"rendered":"<p>Pol\u00edtica de cookies A la web www.oak2000.com (d\u2019ara endavant, el Lloc web) utilitzem cookies per a facilitar la relaci\u00f3 dels visitants amb el nostre contingut i per a permetre elaborar&#8230;<\/p>\n","protected":false},"author":1,"featured_media":0,"parent":0,"menu_order":0,"comment_status":"closed","ping_status":"closed","template":"","meta":{"footnotes":""},"_links":{"self":[{"href":"https:\/\/oak2000.com\/ca\/wp-json\/wp\/v2\/pages\/1332"}],"collection":[{"href":"https:\/\/oak2000.com\/ca\/wp-json\/wp\/v2\/pages"}],"about":[{"href":"https:\/\/oak2000.com\/ca\/wp-json\/wp\/v2\/types\/page"}],"author":[{"embeddable":true,"href":"https:\/\/oak2000.com\/ca\/wp-json\/wp\/v2\/users\/1"}],"replies":[{"embeddable":true,"href":"https:\/\/oak2000.com\/ca\/wp-json\/wp\/v2\/comments?post=1332"}],"version-history":[{"count":0,"href":"https:\/\/oak2000.com\/ca\/wp-json\/wp\/v2\/pages\/1332\/revisions"}],"wp:attachment":[{"href":"https:\/\/oak2000.com\/ca\/wp-json\/wp\/v2\/media?parent=1332"}],"curies":[{"name":"wp","href":"https:\/\/api.w.org\/{rel}","templated":true}]}}