{"id":12200,"date":"2020-05-15T15:46:57","date_gmt":"2020-05-15T13:46:57","guid":{"rendered":"https:\/\/oak2000.com\/por-que-oak\/"},"modified":"2022-09-12T14:45:22","modified_gmt":"2022-09-12T12:45:22","slug":"per-que-oak","status":"publish","type":"page","link":"https:\/\/oak2000.com\/ca\/per-que-oak\/","title":{"rendered":"PER QU\u00c8 OAK?"},"content":{"rendered":"\n\t\t<div id=\"fws_69d8ee39194a0\"  data-column-margin=\"default\" data-midnight=\"dark\"  class=\"wpb_row vc_row-fluid vc_row full-width-section  vc_row-o-equal-height vc_row-flex standard_section \"  style=\"padding-top: 50px; padding-bottom: 0px; \"><div class=\"row-bg-wrap\" data-bg-animation=\"none\" data-bg-overlay=\"false\"><div class=\"inner-wrap\"><div class=\"row-bg\"  style=\"\"><\/div><\/div><div class=\"row-bg-overlay\" ><\/div><\/div><div class=\"row_col_wrap_12 col span_12 dark left\">\n\t<div  class=\"vc_col-sm-12 wpb_column column_container vc_column_container col no-extra-padding inherit_tablet inherit_phone \"  data-t-w-inherits=\"default\" data-bg-cover=\"\" data-padding-pos=\"all\" data-has-bg-color=\"false\" data-bg-color=\"\" data-bg-opacity=\"1\" data-hover-bg=\"\" data-hover-bg-opacity=\"1\" data-animation=\"\" data-delay=\"0\" >\n\t\t<div class=\"vc_column-inner\" ><div class=\"column-bg-overlay-wrap\" data-bg-animation=\"none\"><div class=\"column-bg-overlay\"><\/div><\/div>\n\t\t\t<div class=\"wpb_wrapper\">\n\t\t\t\t<div id=\"fws_69d8ee391a5ae\" data-midnight=\"\" data-column-margin=\"default\" class=\"wpb_row vc_row-fluid vc_row inner_row standard_section   \"  style=\"padding-top: 0px; padding-bottom: 0px; \"><div class=\"row-bg-wrap\"> <div class=\"row-bg\" ><\/div> <\/div><div class=\"row_col_wrap_12_inner col span_12  left\">\n\t<div  class=\"vc_col-sm-6 wpb_column column_container vc_column_container col child_column no-extra-padding inherit_tablet inherit_phone \"   data-t-w-inherits=\"default\" data-bg-cover=\"\" data-padding-pos=\"all\" data-has-bg-color=\"false\" data-bg-color=\"\" data-bg-opacity=\"1\" data-hover-bg=\"\" data-hover-bg-opacity=\"1\" data-animation=\"\" data-delay=\"0\">\n\t\t<div class=\"vc_column-inner\" ><div class=\"column-bg-overlay-wrap\" data-bg-animation=\"none\"><div class=\"column-bg-overlay\"><\/div><\/div>\n\t\t<div class=\"wpb_wrapper\">\n\t\t\t\r\n<div class=\"wpb_text_column wpb_content_element  vc_custom_1660036122418\" >\r\n\t<div class=\"wpb_wrapper\">\r\n\t\t<h2>PER QU\u00c8 OAK?<\/h2>\n\t<\/div>\r\n<\/div>\r\n\r\n\r\n\r\n\r\n<div class=\"wpb_text_column wpb_content_element  vc_custom_1662986720416\" >\r\n\t<div class=\"wpb_wrapper\">\r\n\t\t<p><span style=\"font-size: 10pt;\">Ens considerem una empresa flexible i adaptable a les necessitats dels nostres clients, pot assumir qualsevol mena d&#8217;obra ja sigui per volum, tipologia i qualitats \/ acabats necessaris a cada projecte.<\/span><\/p>\n<p>Amb una experi\u00e8ncia de m\u00e9s de 300 reformes integrals executades els darrers 5 anys.<br \/>\nIntegrem tots els serveis amb personal de la plantilla pr\u00f2pia de OAK<br \/>\nPotenciem una comunicaci\u00f3 flu\u00efda amb un \u00fanic interlocutor<br \/>\nTreball al detall<br \/>\nExhaustiu control de pressupostos, timmings i possibles desviacions econ\u00f2miques<br \/>\nAssessorament t\u00e8cnic i est\u00e8tic personalitzat<\/p>\n\t<\/div>\r\n<\/div>\r\n\r\n\r\n\r\n\n\t\t<\/div> \n\t<\/div>\n\t<\/div> \n\n\t<div  class=\"vc_col-sm-6 wpb_column column_container vc_column_container col child_column no-extra-padding inherit_tablet inherit_phone \"   data-t-w-inherits=\"default\" data-bg-cover=\"\" data-padding-pos=\"all\" data-has-bg-color=\"false\" data-bg-color=\"\" data-bg-opacity=\"1\" data-hover-bg=\"\" data-hover-bg-opacity=\"1\" data-animation=\"\" data-delay=\"0\">\n\t\t<div class=\"vc_column-inner\" ><div class=\"column-bg-overlay-wrap\" data-bg-animation=\"none\"><div class=\"column-bg-overlay\"><\/div><\/div>\n\t\t<div class=\"wpb_wrapper\">\n\t\t\t\n\t\t<\/div> \n\t<\/div>\n\t<\/div> \n<\/div><\/div><div id=\"ts-vcsc-image-gallery-6912818\" class=\"ts-image-gallery-wrapper ts-kraut-lightbox-frame   \" data-style=\"grid\" data-break-parents=\"6\" data-inline=\"false\" style=\"margin-top: 0px; margin-bottom: 0px; position: relative;\"><div id=\"ts-vcsc-image-gallery-6912818-grid\" class=\"ts-lightbox-gallery-grid\"><a style=\"width: 20%; height: 100%; display: inline-block; margin: 0; padding: 0;; display: none;\" id=\"krautgroup6912818-0\" href=\"https:\/\/oak2000.com\/wp-content\/uploads\/2020\/04\/9-3.jpg\" target=\"_blank\" data-preview=\"https:\/\/oak2000.com\/wp-content\/uploads\/2020\/04\/9-3.jpg\" data-thumbnail=\"https:\/\/oak2000.com\/wp-content\/uploads\/2020\/04\/9-3-300x200.jpg\" data-include=\"true\" data-hover=\"\" data-alt=\"\" data-title=\"\" data-groups=\"\" class=\"kraut-lightbox-media no-ajaxy ts-hover-image krautgroup6912818 nofancybox\" rel=\"krautgroup6912818\" data-effect=\"simpleSwitch\" data-color=\"rgba(0, 0, 0, 0)\" data-nohashes=\"true\" data-usecors=\"global\" data-save=\"0\" data-share=\"0\" data-no-lazy=\"1\">#1<\/a><a style=\"width: 20%; height: 100%; display: inline-block; margin: 0; padding: 0;; display: none;\" id=\"krautgroup6912818-1\" href=\"https:\/\/oak2000.com\/wp-content\/uploads\/2020\/03\/Project_Montevideo-30.jpg\" target=\"_blank\" data-preview=\"https:\/\/oak2000.com\/wp-content\/uploads\/2020\/03\/Project_Montevideo-30.jpg\" data-thumbnail=\"https:\/\/oak2000.com\/wp-content\/uploads\/2020\/03\/Project_Montevideo-30-300x200.jpg\" data-include=\"true\" data-hover=\"\" data-alt=\"\" data-title=\"\" data-groups=\"\" class=\"kraut-lightbox-media no-ajaxy ts-hover-image krautgroup6912818 nofancybox\" rel=\"krautgroup6912818\" data-effect=\"simpleSwitch\" data-color=\"rgba(0, 0, 0, 0)\" data-nohashes=\"true\" data-usecors=\"global\" data-save=\"0\" data-share=\"0\" data-no-lazy=\"1\">#2<\/a><a style=\"width: 20%; height: 100%; display: inline-block; margin: 0; padding: 0;; display: none;\" id=\"krautgroup6912818-2\" href=\"https:\/\/oak2000.com\/wp-content\/uploads\/2020\/03\/reforma-bany-6.jpg\" target=\"_blank\" data-preview=\"https:\/\/oak2000.com\/wp-content\/uploads\/2020\/03\/reforma-bany-6.jpg\" data-thumbnail=\"https:\/\/oak2000.com\/wp-content\/uploads\/2020\/03\/reforma-bany-6-279x300.jpg\" data-include=\"true\" data-hover=\"\" data-alt=\"\" data-title=\"\" data-groups=\"\" class=\"kraut-lightbox-media no-ajaxy ts-hover-image krautgroup6912818 nofancybox\" rel=\"krautgroup6912818\" data-effect=\"simpleSwitch\" data-color=\"rgba(0, 0, 0, 0)\" data-nohashes=\"true\" data-usecors=\"global\" data-save=\"0\" data-share=\"0\" data-no-lazy=\"1\">#3<\/a><a style=\"width: 20%; height: 100%; display: inline-block; margin: 0; padding: 0;; display: none;\" id=\"krautgroup6912818-3\" href=\"https:\/\/oak2000.com\/wp-content\/uploads\/2020\/03\/5-6-681x1024.jpg\" target=\"_blank\" data-preview=\"https:\/\/oak2000.com\/wp-content\/uploads\/2020\/03\/5-6-681x1024.jpg\" data-thumbnail=\"https:\/\/oak2000.com\/wp-content\/uploads\/2020\/03\/5-6-199x300.jpg\" data-random=\"6912818\" data-include=\"true\" data-hover=\"\" data-alt=\"\" data-title=\"\" data-groups=\"\" class=\"kraut-lightbox-media no-ajaxy ts-hover-image krautgroup6912818 nofancybox\" rel=\"krautgroup6912818\" data-effect=\"simpleSwitch\" data-usecors=\"global\" data-save=\"0\" data-share=\"0\" data-play=\"1\" data-autoplay=\"0\" data-duration=\"5000\" data-thumbsize=\"100\" data-thumbs=\"bottom\"  data-color=\"rgba(0, 0, 0, 0)\" data-nohashes=\"true\" data-captions=\"true\" data-grid=\"100,50,100\" data-gridpreloader=\"false\" data-gridspace=\"6\" data-gridorder=\"false\" data-gridfilter=\"true\" data-gridavailable=\"Available Groups\" data-gridselected=\"Filtered Groups\" data-gridnogroups=\"No Groups\" data-gridtoggle=\"Toggle Filter\" data-gridtogglestyle=\"ts-color-button-belize-hole-flat\" data-gridshowall=\"Show All\" data-gridshowallstyle=\"ts-color-button-green-sea-flat\" data-no-lazy=\"1\">#4<\/a><\/div><\/div><div id=\"fws_69d8ee391c388\" data-midnight=\"\" data-column-margin=\"default\" class=\"wpb_row vc_row-fluid vc_row inner_row  vc_row-o-equal-height vc_row-flex standard_section   \"  style=\"padding-top: 50px; padding-bottom: 0px; \"><div class=\"row-bg-wrap\"> <div class=\"row-bg\" ><\/div> <\/div><div class=\"row_col_wrap_12_inner col span_12  left\">\n\t<div  class=\"vc_col-sm-12 wpb_column column_container vc_column_container col child_column no-extra-padding inherit_tablet inherit_phone \"   data-t-w-inherits=\"default\" data-bg-cover=\"\" data-padding-pos=\"all\" data-has-bg-color=\"false\" data-bg-color=\"\" data-bg-opacity=\"1\" data-hover-bg=\"\" data-hover-bg-opacity=\"1\" data-animation=\"\" data-delay=\"0\">\n\t\t<div class=\"vc_column-inner\" ><div class=\"column-bg-overlay-wrap\" data-bg-animation=\"none\"><div class=\"column-bg-overlay\"><\/div><\/div>\n\t\t<div class=\"wpb_wrapper\">\n\t\t\t\n\t\t<\/div> \n\t<\/div>\n\t<\/div> \n<\/div><\/div>\n\t\t\t<\/div> \n\t\t<\/div>\n\t<\/div> \n<\/div><\/div>\n\t\t<div id=\"fws_69d8ee391c7b2\"  data-column-margin=\"default\" data-midnight=\"dark\"  class=\"wpb_row vc_row-fluid vc_row standard_section \"  style=\"padding-top: 0px; padding-bottom: 0px; \"><div class=\"row-bg-wrap\" data-bg-animation=\"none\" data-bg-overlay=\"false\"><div class=\"inner-wrap\"><div class=\"row-bg\"  style=\"\"><\/div><\/div><div class=\"row-bg-overlay\" ><\/div><\/div><div class=\"row_col_wrap_12 col span_12 dark left\">\n\t<div  class=\"vc_col-sm-12 wpb_column column_container vc_column_container col no-extra-padding inherit_tablet inherit_phone \"  data-t-w-inherits=\"default\" data-bg-cover=\"\" data-padding-pos=\"all\" data-has-bg-color=\"false\" data-bg-color=\"\" data-bg-opacity=\"1\" data-hover-bg=\"\" data-hover-bg-opacity=\"1\" data-animation=\"\" data-delay=\"0\" >\n\t\t<div class=\"vc_column-inner\" ><div class=\"column-bg-overlay-wrap\" data-bg-animation=\"none\"><div class=\"column-bg-overlay\"><\/div><\/div>\n\t\t\t<div class=\"wpb_wrapper\">\n\t\t\t\t<div class=\"divider-wrap\" data-alignment=\"default\"><div style=\"height: 50px;\" class=\"divider\"><\/div><\/div>\n\t\t\t<\/div> \n\t\t<\/div>\n\t<\/div> \n<\/div><\/div>\n\t\t<div id=\"fws_69d8ee391cde5\"  data-column-margin=\"default\" data-midnight=\"dark\"  class=\"wpb_row vc_row-fluid vc_row standard_section \"  style=\"padding-top: 0px; padding-bottom: 0px; \"><div class=\"row-bg-wrap\" data-bg-animation=\"none\" data-bg-overlay=\"false\"><div class=\"inner-wrap\"><div class=\"row-bg\"  style=\"\"><\/div><\/div><div class=\"row-bg-overlay\" ><\/div><\/div><div class=\"row_col_wrap_12 col span_12 dark left\">\n\t<div  class=\"vc_col-sm-12 wpb_column column_container vc_column_container col no-extra-padding inherit_tablet inherit_phone \"  data-t-w-inherits=\"default\" data-bg-cover=\"\" data-padding-pos=\"all\" data-has-bg-color=\"false\" data-bg-color=\"\" data-bg-opacity=\"1\" data-hover-bg=\"\" data-hover-bg-opacity=\"1\" data-animation=\"\" data-delay=\"0\" >\n\t\t<div class=\"vc_column-inner\" ><div class=\"column-bg-overlay-wrap\" data-bg-animation=\"none\"><div class=\"column-bg-overlay\"><\/div><\/div>\n\t\t\t<div class=\"wpb_wrapper\">\n\t\t\t\t\n\t<div class=\"wpb_raw_code wpb_content_element wpb_raw_html\" >\n\t\t<div class=\"wpb_wrapper\">\n\t\t\t\n\t\t<div id=\"botp\"  data-column-margin=\"default\" data-midnight=\"dark\"  class=\"wpb_row vc_row-fluid vc_row full-width-section  vc_row-o-equal-height vc_row-flex  vc_row-o-content-middle standard_section \"  style=\"padding-top: 0px; padding-bottom: 0px; \"><div class=\"row-bg-wrap\" data-bg-animation=\"none\" data-bg-overlay=\"false\"><div class=\"inner-wrap\"><div class=\"row-bg\"  style=\"\"><\/div><\/div><div class=\"row-bg-overlay\" ><\/div><\/div><div class=\"row_col_wrap_12 col span_12 dark left\">\n\t<div style=\"\" class=\"vc_col-sm-6 wpb_column column_container vc_column_container col no-extra-padding inherit_tablet inherit_phone \" data-using-bg=\"true\" data-t-w-inherits=\"default\" data-bg-cover=\"true\" data-padding-pos=\"all\" data-has-bg-color=\"false\" data-bg-color=\"\" data-bg-opacity=\"1\" data-hover-bg=\"\" data-hover-bg-opacity=\"1\" data-animation=\"\" data-delay=\"0\" >\n\t\t<div class=\"vc_column-inner\" ><div class=\"column-image-bg-wrap\" data-bg-pos=\"center center\" data-bg-animation=\"none\" data-bg-overlay=\"false\"><div class=\"inner-wrap\"><div class=\"column-image-bg\" style=\" background-image: url('https:\/\/oak2000.com\/wp-content\/uploads\/2022\/08\/IMG-proyectos-scaled.jpg'); \"><\/div><\/div><\/div><div class=\"column-bg-overlay-wrap\" data-bg-animation=\"none\"><div class=\"column-bg-overlay\"><\/div><\/div>\n\t\t\t<div class=\"wpb_wrapper\">\n\t\t\t\t\n\t\t\t<\/div> \n\t\t<\/div>\n\t<\/div> \n\n\t<div style=\" color: #ffffff;margin-top: -80px; \" class=\"vc_col-sm-6 wpb_column column_container vc_column_container col neg-marg padding-10-percent inherit_tablet inherit_phone \" data-using-bg=\"true\" data-t-w-inherits=\"default\" data-bg-cover=\"\" data-padding-pos=\"all\" data-has-bg-color=\"true\" data-bg-color=\"#d1d1c5\" data-bg-opacity=\"1\" data-hover-bg=\"\" data-hover-bg-opacity=\"1\" data-animation=\"\" data-delay=\"0\" >\n\t\t<div class=\"vc_column-inner\" ><div class=\"column-bg-overlay-wrap\" data-bg-animation=\"none\"><div class=\"column-bg-overlay\" style=\"opacity: 1; background-color: #d1d1c5;\"><\/div><\/div>\n\t\t\t<div class=\"wpb_wrapper\">\n\t\t\t\t<div id=\"fws_69d8ee391dd57\" data-midnight=\"\" data-column-margin=\"default\" class=\"wpb_row vc_row-fluid vc_row inner_row standard_section   \"  style=\"padding-top: 0px; padding-bottom: 0px; \"><div class=\"row-bg-wrap\"> <div class=\"row-bg\" ><\/div> <\/div><div class=\"row_col_wrap_12_inner col span_12  left\">\n\t<div style=\" color: #ffffff;\" class=\"vc_col-sm-12 wpb_column column_container vc_column_container col child_column padding-1-percent inherit_tablet inherit_phone \" data-cfc=\"true\"  data-t-w-inherits=\"default\" data-bg-cover=\"\" data-padding-pos=\"all\" data-has-bg-color=\"false\" data-bg-color=\"\" data-bg-opacity=\"1\" data-hover-bg=\"\" data-hover-bg-opacity=\"1\" data-animation=\"\" data-delay=\"0\">\n\t\t<div class=\"vc_column-inner\" ><div class=\"column-bg-overlay-wrap\" data-bg-animation=\"none\"><div class=\"column-bg-overlay\"><\/div><\/div>\n\t\t<div class=\"wpb_wrapper\">\n\t\t\t<h2 style=\"font-size: 26px;color: #212a2d;line-height: 1;text-align: left\" class=\"vc_custom_heading\" >Perqu\u00e8 treballar amb nosaltres<\/h2><div class=\"divider-wrap\" data-alignment=\"default\"><div style=\"height: 30px;\" class=\"divider\"><\/div><\/div>\r\n<div class=\"wpb_text_column wpb_content_element \" >\r\n\t<div class=\"wpb_wrapper\">\r\n\t\t<p><span style=\"color: #212a2d;\">\"Ens considerem una empresa flexible i adaptable a les necessitats dels nostres clients, podent assumir qualsevol tipus d obra ja sigui per volum, tipologia i qualitats \/ acabats necessaris per a cada projecte.<\/span><br \/>\n<span style=\"color: #212a2d;\">Amb una experi\u00e8ncia de m\u00e9s de 300 reformes integrals executades els darrers 5 anys, integrem tots els serveis amb personal de la plantilla pr\u00f2pia de OAK i equips externs de confian\u00e7a, tot i que potenciem una comunicaci\u00f3 flu\u00efda amb un \u00fanic interlocutor, treball amb cura i detall. Aportem un exhaustiu control de pressupostos, timmings i possibles desviacions econ\u00f2miques, a m\u00e9s d'assessorament t\u00e8cnic i est\u00e8tic personalitzat. \"<\/span><\/p>\n\t<\/div>\r\n<\/div>\r\n\r\n\r\n\r\n<div class=\"divider-wrap\" data-alignment=\"default\"><div style=\"height: 30px;\" class=\"divider\"><\/div><\/div><a class=\"nectar-button medium regular extra-color-1 has-icon  regular-button butt\" id=\"butt\" style=\"color: #212a2d; \"  href=\"\/ca\/opiniones\/\" data-color-override=\"false\" data-hover-color-override=\"false\" data-hover-text-color-override=\"#fff\"><span>LLEGIR M\u00c9S OPINIONS<\/span><i style=\"color: #212a2d;\"  class=\"icon-button-arrow\"><\/i><\/a>\n\t\t<\/div> \n\t<\/div>\n\t<\/div> \n<\/div><\/div>\n\t\t\t<\/div> \n\t\t<\/div>\n\t<\/div> \n<\/div><\/div>\n\t\t<\/div>\n\t<\/div>\n\n\t\t\t<\/div> \n\t\t<\/div>\n\t<\/div> \n<\/div><\/div>\n","protected":false},"excerpt":{"rendered":"PER QU\u00c8 OAK? Ens considerem una empresa flexible i adaptable a les necessitats dels nostres clients, pot assumir qualsevol mena d'obra ja sigui per volum, tipologia i qualitats \/ acabats...","protected":false},"author":1,"featured_media":0,"parent":0,"menu_order":0,"comment_status":"closed","ping_status":"closed","template":"","meta":{"footnotes":""},"yoast_head":"<!-- This site is optimized with the Yoast SEO plugin v21.5 - https:\/\/yoast.com\/wordpress\/plugins\/seo\/ -->\n<title>PER QU\u00c8 OAK? - OAK 2000<\/title>\n<meta name=\"robots\" content=\"index, follow, max-snippet:-1, max-image-preview:large, max-video-preview:-1\" \/>\n<link rel=\"canonical\" href=\"https:\/\/oak2000.com\/ca\/per-que-oak\/\" \/>\n<meta property=\"og:locale\" content=\"ca_ES\" \/>\n<meta property=\"og:type\" content=\"article\" \/>\n<meta property=\"og:title\" content=\"PER QU\u00c8 OAK? - OAK 2000\" \/>\n<meta property=\"og:url\" content=\"https:\/\/oak2000.com\/ca\/per-que-oak\/\" \/>\n<meta property=\"og:site_name\" content=\"OAK 2000\" \/>\n<meta property=\"article:modified_time\" content=\"2022-09-12T12:45:22+00:00\" \/>\n<meta name=\"twitter:card\" content=\"summary_large_image\" \/>\n<meta name=\"twitter:label1\" content=\"Temps estimat de lectura\" \/>\n\t<meta name=\"twitter:data1\" content=\"4 minuts\" \/>\n<script type=\"application\/ld+json\" class=\"yoast-schema-graph\">{\"@context\":\"https:\/\/schema.org\",\"@graph\":[{\"@type\":\"WebPage\",\"@id\":\"https:\/\/oak2000.com\/ca\/per-que-oak\/\",\"url\":\"https:\/\/oak2000.com\/ca\/per-que-oak\/\",\"name\":\"PER QU\u00c8 OAK? - OAK 2000\",\"isPartOf\":{\"@id\":\"https:\/\/oak2000.com\/#website\"},\"datePublished\":\"2020-05-15T13:46:57+00:00\",\"dateModified\":\"2022-09-12T12:45:22+00:00\",\"breadcrumb\":{\"@id\":\"https:\/\/oak2000.com\/ca\/per-que-oak\/#breadcrumb\"},\"inLanguage\":\"ca\",\"potentialAction\":[{\"@type\":\"ReadAction\",\"target\":[\"https:\/\/oak2000.com\/ca\/per-que-oak\/\"]}]},{\"@type\":\"BreadcrumbList\",\"@id\":\"https:\/\/oak2000.com\/ca\/per-que-oak\/#breadcrumb\",\"itemListElement\":[{\"@type\":\"ListItem\",\"position\":1,\"name\":\"Portada\",\"item\":\"https:\/\/oak2000.com\/ca\/\"},{\"@type\":\"ListItem\",\"position\":2,\"name\":\"PER QU\u00c8 OAK?\"}]},{\"@type\":\"WebSite\",\"@id\":\"https:\/\/oak2000.com\/#website\",\"url\":\"https:\/\/oak2000.com\/\",\"name\":\"OAK 2000\",\"description\":\"\",\"potentialAction\":[{\"@type\":\"SearchAction\",\"target\":{\"@type\":\"EntryPoint\",\"urlTemplate\":\"https:\/\/oak2000.com\/?s={search_term_string}\"},\"query-input\":\"required name=search_term_string\"}],\"inLanguage\":\"ca\"}]}<\/script>\n<!-- \/ Yoast SEO plugin. -->","yoast_head_json":{"title":"PER QU\u00c8 OAK? - OAK 2000","robots":{"index":"index","follow":"follow","max-snippet":"max-snippet:-1","max-image-preview":"max-image-preview:large","max-video-preview":"max-video-preview:-1"},"canonical":"https:\/\/oak2000.com\/ca\/per-que-oak\/","og_locale":"ca_ES","og_type":"article","og_title":"PER QU\u00c8 OAK? - OAK 2000","og_url":"https:\/\/oak2000.com\/ca\/per-que-oak\/","og_site_name":"OAK 2000","article_modified_time":"2022-09-12T12:45:22+00:00","twitter_card":"summary_large_image","twitter_misc":{"Temps estimat de lectura":"4 minuts"},"schema":{"@context":"https:\/\/schema.org","@graph":[{"@type":"WebPage","@id":"https:\/\/oak2000.com\/ca\/per-que-oak\/","url":"https:\/\/oak2000.com\/ca\/per-que-oak\/","name":"PER QU\u00c8 OAK? - OAK 2000","isPartOf":{"@id":"https:\/\/oak2000.com\/#website"},"datePublished":"2020-05-15T13:46:57+00:00","dateModified":"2022-09-12T12:45:22+00:00","breadcrumb":{"@id":"https:\/\/oak2000.com\/ca\/per-que-oak\/#breadcrumb"},"inLanguage":"ca","potentialAction":[{"@type":"ReadAction","target":["https:\/\/oak2000.com\/ca\/per-que-oak\/"]}]},{"@type":"BreadcrumbList","@id":"https:\/\/oak2000.com\/ca\/per-que-oak\/#breadcrumb","itemListElement":[{"@type":"ListItem","position":1,"name":"Portada","item":"https:\/\/oak2000.com\/ca\/"},{"@type":"ListItem","position":2,"name":"PER QU\u00c8 OAK?"}]},{"@type":"WebSite","@id":"https:\/\/oak2000.com\/#website","url":"https:\/\/oak2000.com\/","name":"OAK 2000","description":"","potentialAction":[{"@type":"SearchAction","target":{"@type":"EntryPoint","urlTemplate":"https:\/\/oak2000.com\/?s={search_term_string}"},"query-input":"required name=search_term_string"}],"inLanguage":"ca"}]}},"_links":{"self":[{"href":"https:\/\/oak2000.com\/ca\/wp-json\/wp\/v2\/pages\/12200"}],"collection":[{"href":"https:\/\/oak2000.com\/ca\/wp-json\/wp\/v2\/pages"}],"about":[{"href":"https:\/\/oak2000.com\/ca\/wp-json\/wp\/v2\/types\/page"}],"author":[{"embeddable":true,"href":"https:\/\/oak2000.com\/ca\/wp-json\/wp\/v2\/users\/1"}],"replies":[{"embeddable":true,"href":"https:\/\/oak2000.com\/ca\/wp-json\/wp\/v2\/comments?post=12200"}],"version-history":[{"count":13,"href":"https:\/\/oak2000.com\/ca\/wp-json\/wp\/v2\/pages\/12200\/revisions"}],"predecessor-version":[{"id":16082,"href":"https:\/\/oak2000.com\/ca\/wp-json\/wp\/v2\/pages\/12200\/revisions\/16082"}],"wp:attachment":[{"href":"https:\/\/oak2000.com\/ca\/wp-json\/wp\/v2\/media?parent=12200"}],"curies":[{"name":"wp","href":"https:\/\/api.w.org\/{rel}","templated":true}]}}