{"id":10873,"date":"2020-04-09T15:52:17","date_gmt":"2020-04-09T13:52:17","guid":{"rendered":"http:\/\/oak.atomic4.net\/opiniones\/"},"modified":"2025-02-21T12:31:06","modified_gmt":"2025-02-21T11:31:06","slug":"opinions","status":"publish","type":"page","link":"https:\/\/oak2000.com\/ca\/opinions\/","title":{"rendered":"opinions"},"content":{"rendered":"\n\t\t<div id=\"fws_69e51c48ecca8\"  data-column-margin=\"default\" data-midnight=\"light\" data-top-percent=\"17%\" data-bottom-percent=\"17%\"  class=\"wpb_row vc_row-fluid vc_row full-width-section standard_section \"  style=\"padding-top: calc(100vw * 0.17); padding-bottom: calc(100vw * 0.17); \"><div class=\"row-bg-wrap\" data-bg-animation=\"none\" data-bg-overlay=\"false\"><div class=\"inner-wrap using-image\"><div class=\"row-bg using-image using-bg-color\"  style=\"background-image: url(https:\/\/oak2000.com\/wp-content\/uploads\/2020\/04\/Equipo-OAK.jpg); background-position: left top; background-repeat: no-repeat; background-color: #3a3a3a; \"><\/div><\/div><div class=\"row-bg-overlay\" ><\/div><\/div><div class=\"row_col_wrap_12 col span_12 light left\">\n\t<div  class=\"vc_col-sm-12 wpb_column column_container vc_column_container col centered-text no-extra-padding inherit_tablet inherit_phone \"  data-t-w-inherits=\"default\" data-bg-cover=\"\" data-padding-pos=\"all\" data-has-bg-color=\"false\" data-bg-color=\"\" data-bg-opacity=\"1\" data-hover-bg=\"\" data-hover-bg-opacity=\"1\" data-animation=\"\" data-delay=\"0\" >\n\t\t<div class=\"vc_column-inner\" ><div class=\"column-bg-overlay-wrap\" data-bg-animation=\"none\"><div class=\"column-bg-overlay\"><\/div><\/div>\n\t\t\t<div class=\"wpb_wrapper\">\n\t\t\t\t<a href=\"https:\/\/www.youtube.com\/watch?time_continue=2&#038;v=cewfp-kiU5w&#038;feature=emb_logo\"  data-style=\"default\" data-parent-hover=\"\" data-font-style=\"p\" data-color=\"default\" class=\"play_button large nectar_video_lightbox pp\"><span><span class=\"play\"><span class=\"inner-wrap\"><svg version=\"1.1\"\r\n\t xmlns=\"http:\/\/www.w3.org\/2000\/svg\" xmlns:xlink=\"http:\/\/www.w3.org\/1999\/xlink\" width=\"600px\" height=\"800px\" x=\"0px\" y=\"0px\" viewBox=\"0 0 600 800\" enable-background=\"new 0 0 600 800\" xml:space=\"preserve\"><path fill=\"none\" d=\"M0-1.79v800L600,395L0-1.79z\"><\/path> <\/svg><\/span><\/span><\/span><\/a>\n\t\t\t<\/div> \n\t\t<\/div>\n\t<\/div> \n<\/div><\/div>\n\t\t<div id=\"fws_69e51c48ed612\"  data-column-margin=\"default\" data-midnight=\"dark\"  class=\"wpb_row vc_row-fluid vc_row standard_section \"  style=\"padding-top: 0px; padding-bottom: 0px; \"><div class=\"row-bg-wrap\" data-bg-animation=\"none\" data-bg-overlay=\"false\"><div class=\"inner-wrap\"><div class=\"row-bg using-bg-color\"  style=\"background-color: #ffffff; \"><\/div><\/div><div class=\"row-bg-overlay\" ><\/div><\/div><div class=\"row_col_wrap_12 col span_12 dark left\">\n\t<div style=\"margin-top: -8%; \" class=\"vc_col-sm-12 wpb_column column_container vc_column_container col centered-text neg-marg padding-7-percent inherit_tablet inherit_phone \" data-using-bg=\"true\" data-t-w-inherits=\"default\" data-shadow=\"small_depth\" data-bg-cover=\"\" data-padding-pos=\"all\" data-has-bg-color=\"true\" data-bg-color=\"#f9f9f9\" data-bg-opacity=\"1\" data-hover-bg=\"\" data-hover-bg-opacity=\"1\" data-animation=\"\" data-delay=\"0\" >\n\t\t<div class=\"vc_column-inner\" ><div class=\"column-bg-overlay-wrap\" data-bg-animation=\"none\"><div class=\"column-bg-overlay\" style=\"opacity: 1; background-color: #f9f9f9;\"><\/div><\/div>\n\t\t\t<div class=\"wpb_wrapper\">\n\t\t\t\t<h2 style=\"font-size: 25px;color: #212a2d;line-height: 1;text-align: center\" class=\"vc_custom_heading\" >M\u00e9s de 25 anys d'experi\u00e8ncia ens avalen<\/h2><div class=\"divider-wrap\" data-alignment=\"default\"><div style=\"margin-top: 25px; width: 80px; height: 2px; margin-bottom: 25px;\" data-width=\"80\" data-animate=\"yes\" data-animation-delay=\"\" data-color=\"accent-color\" class=\"divider-small-border\"><\/div><\/div><div class=\"divider-wrap\" data-alignment=\"default\"><div style=\"height: 30px;\" class=\"divider\"><\/div><\/div><div class=\"col span_12 testimonial_slider disable-height-animation\" data-color=\"\"  data-rating-color=\"accent-color\" data-add-border=\"\" data-autorotate=\"\" data-style=\"minimal\" ><div class=\"slides\"><blockquote> <div data-shadow=\"\" class=\"image-icon has-bg\" style=\"background-image: url(https:\/\/oak2000.com\/wp-content\/uploads\/2024\/10\/oak_negro_hd-268x300.png);\">&#8220;<\/div> <p><span class=\"open-quote\">&#8220;<\/span>\u201cLa il\u00b7lusi\u00f3 de casa nostra la van convertir en el seu repte. Gr\u00e0cies!\u201d<span class=\"close-quote\">&#8221;<\/span> <span class=\"bottom-arrow\"><\/span><\/p><span class=\"testimonial-name\">Yolanda I Pau<\/span><span class=\"title\">Reforma Integral Barcelona<\/span><\/blockquote><blockquote> <div data-shadow=\"\" class=\"image-icon has-bg\" style=\"background-image: url(https:\/\/oak2000.com\/wp-content\/uploads\/2024\/10\/oak_negro_hd-268x300.png);\">&#8220;<\/div> <p><span class=\"open-quote\">&#8220;<\/span>\u201cOAK 2000 van ser triats seguint les recomanacions de bons arquitectes: una bona execuci\u00f3 i preu competitiu. La decisi\u00f3 va ser r\u00e0pida, la vam prendre despr\u00e9s de la primera reuni\u00f3, vam triar en Joan pel seu tracte exquisit.\u201d<span class=\"close-quote\">&#8221;<\/span> <span class=\"bottom-arrow\"><\/span><\/p><span class=\"testimonial-name\">EB<\/span><span class=\"title\">Reforma Integral Barcelona<\/span><\/blockquote><blockquote> <div data-shadow=\"\" class=\"image-icon has-bg\" style=\"background-image: url(https:\/\/oak2000.com\/wp-content\/uploads\/2024\/10\/oak_negro_hd-268x300.png);\">&#8220;<\/div> <p><span class=\"open-quote\">&#8220;<\/span>\u201cRealment \u00e9s un plaer professional treballar amb OAK.\u201d<span class=\"close-quote\">&#8221;<\/span> <span class=\"bottom-arrow\"><\/span><\/p><span class=\"testimonial-name\">Paula Chateau i Luis Amor\u00f3s<\/span><span class=\"title\">Reforma Integral Barcelona<\/span><\/blockquote><blockquote> <div data-shadow=\"\" class=\"image-icon has-bg\" style=\"background-image: url(https:\/\/oak2000.com\/wp-content\/uploads\/2024\/10\/oak_negro_hd-268x300.png);\">&#8220;<\/div> <p><span class=\"open-quote\">&#8220;<\/span>\u201c\u00c9s el pis que voliem, \u00e9s molt nostre, l\u2019heu personalitzat Incl\u00fas en alguns aspectes ha superat l\u2019expectativa\u201d<span class=\"close-quote\">&#8221;<\/span> <span class=\"bottom-arrow\"><\/span><\/p><span class=\"testimonial-name\">Marc i Maria<\/span><span class=\"title\">Reforma Integral Barcelona<\/span><\/blockquote><blockquote> <div data-shadow=\"\" class=\"image-icon has-bg\" style=\"background-image: url(https:\/\/oak2000.com\/wp-content\/uploads\/2024\/10\/oak_negro_hd-268x300.png);\">&#8220;<\/div> <p><span class=\"open-quote\">&#8220;<\/span>\u201cOAK va donar forma a totes les nostres idees en l\u2019execuci\u00f3 d\u2019aquesta casa. Moltes gr\u00e0cies al magn\u00edfic equip, des de l\u2019inici amb l\u2019exquisit Nino a les demolicions fins l\u2019\u00faltim detall dels acabats que ha fet realitat la perfeccionista Olga i la seva infinita paci\u00e8ncia i, per suposat, la serietat i el rigor d\u2019en Joan\u201d<span class=\"close-quote\">&#8221;<\/span> <span class=\"bottom-arrow\"><\/span><\/p><span class=\"testimonial-name\">Niomar<\/span><span class=\"title\">Reforma Integral Barcelona<\/span><\/blockquote><\/div><\/div><div id=\"fws_69e51c48ef61b\" data-midnight=\"\" data-column-margin=\"default\" class=\"wpb_row vc_row-fluid vc_row inner_row standard_section   \"  style=\"padding-top: 0px; padding-bottom: 0px; \"><div class=\"row-bg-wrap\"> <div class=\"row-bg\" ><\/div> <\/div><div class=\"row_col_wrap_12_inner col span_12  left\">\n\t<div  class=\"vc_col-sm-12 wpb_column column_container vc_column_container col child_column centered-text no-extra-padding inherit_tablet inherit_phone \"   data-t-w-inherits=\"default\" data-bg-cover=\"\" data-padding-pos=\"all\" data-has-bg-color=\"false\" data-bg-color=\"\" data-bg-opacity=\"1\" data-hover-bg=\"\" data-hover-bg-opacity=\"1\" data-animation=\"\" data-delay=\"0\">\n\t\t<div class=\"vc_column-inner\" ><div class=\"column-bg-overlay-wrap\" data-bg-animation=\"none\"><div class=\"column-bg-overlay\"><\/div><\/div>\n\t\t<div class=\"wpb_wrapper\">\n\t\t\t<a class=\"nectar-button medium regular extra-color-1  regular-button\"  style=\"background-color: #212a2d;\"  href=\"\/ca\/tag\/opinions\/\" data-color-override=\"#212a2d\" data-hover-color-override=\"false\" data-hover-text-color-override=\"#fff\"><span>VEURE TOTES LES OPINIONS<\/span><\/a>\n\t\t<\/div> \n\t<\/div>\n\t<\/div> \n<\/div><\/div>\n\t\t\t<\/div> \n\t\t<\/div>\n\t<\/div> \n<\/div><\/div>\n","protected":false},"excerpt":{"rendered":"M\u00e9s de 25 anys d'experi\u00e8ncia ens avalen &#8220; &#8220;\u201cLa il\u00b7lusi\u00f3 de casa nostra la van convertir en el seu repte. Gr\u00e0cies!\u201d&#8221; Yolanda I PauReforma Integral Barcelona &#8220; &#8220;\u201cOAK 2000 van...","protected":false},"author":1,"featured_media":0,"parent":0,"menu_order":0,"comment_status":"closed","ping_status":"closed","template":"","meta":{"footnotes":""},"yoast_head":"<!-- This site is optimized with the Yoast SEO plugin v21.5 - https:\/\/yoast.com\/wordpress\/plugins\/seo\/ -->\n<title>opinions - OAK 2000<\/title>\n<meta name=\"robots\" content=\"index, follow, max-snippet:-1, max-image-preview:large, max-video-preview:-1\" \/>\n<link rel=\"canonical\" href=\"https:\/\/oak2000.com\/ca\/opinions\/\" \/>\n<meta property=\"og:locale\" content=\"ca_ES\" \/>\n<meta property=\"og:type\" content=\"article\" \/>\n<meta property=\"og:title\" content=\"opinions - OAK 2000\" \/>\n<meta property=\"og:url\" content=\"https:\/\/oak2000.com\/ca\/opinions\/\" \/>\n<meta property=\"og:site_name\" content=\"OAK 2000\" \/>\n<meta property=\"article:modified_time\" content=\"2025-02-21T11:31:06+00:00\" \/>\n<meta name=\"twitter:card\" content=\"summary_large_image\" \/>\n<meta name=\"twitter:label1\" content=\"Temps estimat de lectura\" \/>\n\t<meta name=\"twitter:data1\" content=\"3 minuts\" \/>\n<script type=\"application\/ld+json\" class=\"yoast-schema-graph\">{\"@context\":\"https:\/\/schema.org\",\"@graph\":[{\"@type\":\"WebPage\",\"@id\":\"https:\/\/oak2000.com\/ca\/opinions\/\",\"url\":\"https:\/\/oak2000.com\/ca\/opinions\/\",\"name\":\"opinions - OAK 2000\",\"isPartOf\":{\"@id\":\"https:\/\/oak2000.com\/#website\"},\"datePublished\":\"2020-04-09T13:52:17+00:00\",\"dateModified\":\"2025-02-21T11:31:06+00:00\",\"breadcrumb\":{\"@id\":\"https:\/\/oak2000.com\/ca\/opinions\/#breadcrumb\"},\"inLanguage\":\"ca\",\"potentialAction\":[{\"@type\":\"ReadAction\",\"target\":[\"https:\/\/oak2000.com\/ca\/opinions\/\"]}]},{\"@type\":\"BreadcrumbList\",\"@id\":\"https:\/\/oak2000.com\/ca\/opinions\/#breadcrumb\",\"itemListElement\":[{\"@type\":\"ListItem\",\"position\":1,\"name\":\"Portada\",\"item\":\"https:\/\/oak2000.com\/ca\/\"},{\"@type\":\"ListItem\",\"position\":2,\"name\":\"opinions\"}]},{\"@type\":\"WebSite\",\"@id\":\"https:\/\/oak2000.com\/#website\",\"url\":\"https:\/\/oak2000.com\/\",\"name\":\"OAK 2000\",\"description\":\"\",\"potentialAction\":[{\"@type\":\"SearchAction\",\"target\":{\"@type\":\"EntryPoint\",\"urlTemplate\":\"https:\/\/oak2000.com\/?s={search_term_string}\"},\"query-input\":\"required name=search_term_string\"}],\"inLanguage\":\"ca\"}]}<\/script>\n<!-- \/ Yoast SEO plugin. -->","yoast_head_json":{"title":"opinions - OAK 2000","robots":{"index":"index","follow":"follow","max-snippet":"max-snippet:-1","max-image-preview":"max-image-preview:large","max-video-preview":"max-video-preview:-1"},"canonical":"https:\/\/oak2000.com\/ca\/opinions\/","og_locale":"ca_ES","og_type":"article","og_title":"opinions - OAK 2000","og_url":"https:\/\/oak2000.com\/ca\/opinions\/","og_site_name":"OAK 2000","article_modified_time":"2025-02-21T11:31:06+00:00","twitter_card":"summary_large_image","twitter_misc":{"Temps estimat de lectura":"3 minuts"},"schema":{"@context":"https:\/\/schema.org","@graph":[{"@type":"WebPage","@id":"https:\/\/oak2000.com\/ca\/opinions\/","url":"https:\/\/oak2000.com\/ca\/opinions\/","name":"opinions - OAK 2000","isPartOf":{"@id":"https:\/\/oak2000.com\/#website"},"datePublished":"2020-04-09T13:52:17+00:00","dateModified":"2025-02-21T11:31:06+00:00","breadcrumb":{"@id":"https:\/\/oak2000.com\/ca\/opinions\/#breadcrumb"},"inLanguage":"ca","potentialAction":[{"@type":"ReadAction","target":["https:\/\/oak2000.com\/ca\/opinions\/"]}]},{"@type":"BreadcrumbList","@id":"https:\/\/oak2000.com\/ca\/opinions\/#breadcrumb","itemListElement":[{"@type":"ListItem","position":1,"name":"Portada","item":"https:\/\/oak2000.com\/ca\/"},{"@type":"ListItem","position":2,"name":"opinions"}]},{"@type":"WebSite","@id":"https:\/\/oak2000.com\/#website","url":"https:\/\/oak2000.com\/","name":"OAK 2000","description":"","potentialAction":[{"@type":"SearchAction","target":{"@type":"EntryPoint","urlTemplate":"https:\/\/oak2000.com\/?s={search_term_string}"},"query-input":"required name=search_term_string"}],"inLanguage":"ca"}]}},"_links":{"self":[{"href":"https:\/\/oak2000.com\/ca\/wp-json\/wp\/v2\/pages\/10873"}],"collection":[{"href":"https:\/\/oak2000.com\/ca\/wp-json\/wp\/v2\/pages"}],"about":[{"href":"https:\/\/oak2000.com\/ca\/wp-json\/wp\/v2\/types\/page"}],"author":[{"embeddable":true,"href":"https:\/\/oak2000.com\/ca\/wp-json\/wp\/v2\/users\/1"}],"replies":[{"embeddable":true,"href":"https:\/\/oak2000.com\/ca\/wp-json\/wp\/v2\/comments?post=10873"}],"version-history":[{"count":9,"href":"https:\/\/oak2000.com\/ca\/wp-json\/wp\/v2\/pages\/10873\/revisions"}],"predecessor-version":[{"id":19122,"href":"https:\/\/oak2000.com\/ca\/wp-json\/wp\/v2\/pages\/10873\/revisions\/19122"}],"wp:attachment":[{"href":"https:\/\/oak2000.com\/ca\/wp-json\/wp\/v2\/media?parent=10873"}],"curies":[{"name":"wp","href":"https:\/\/api.w.org\/{rel}","templated":true}]}}